{"id":49,"date":"2012-11-03T20:22:40","date_gmt":"2012-11-03T20:22:40","guid":{"rendered":"http:\/\/www.alejandrodelasota.org\/?page_id=49"},"modified":"2024-07-09T13:50:34","modified_gmt":"2024-07-09T11:50:34","slug":"patronato","status":"publish","type":"page","link":"https:\/\/alejandrodelasota.org\/en\/fundacion\/patronato\/","title":{"rendered":"patronage"},"content":{"rendered":"<p><\/p>\n<section class=\"block md:flex md:flex-row items-center mt-11\">\n<div class=\"flex-1 md:mr-11 mr-0 items-center\">\n        <img class=\"h-[400px] md:max-w-[584px] my-8 md:my-0\" src=\"\/wp-content\/themes\/sotatwentytwo\/assets\/fundacion-img6.png\"\n            alt=\"fundacion-imagen6\" \/>\n    <\/div>\n<div class=\"flex-1 \">\n<h2 id=\"patronage\" class=\"font-sansEncode font-medium md:text-[32px] text-2xl text-purple1 mb-6\">\n            patronage<\/h2>\n<div class=\"md:flex md:flex-row justify-between\">\n<div>\n<p class=\"font-bold text-xl leading-6 mb-6\">\n                    presidency\n                <\/p>\n<p class=\"font-sansEncode text-base font-light text-purple1 leading-6\">\n                    Alejandro de la Sota Rius\n                <\/p>\n<p class=\"font-bold text-xl  leading-6 mb-6 mt-8\">\n                    secretary\n                <\/p>\n<p class=\"font-sansEncode text-base font-light text-purple1 leading-6\">\n                    Jose de la Sota Rius\n                <\/p>\n<p class=\"font-bold text-xl leading-6 mb-6 mt-8\">\n                    manager\n                <\/p>\n<p class=\"font-sansEncode text-base font-light text-purple1 leading-6\">\n                    Jos\u00e9 de la Sota Rius\n                <\/p>\n<p class=\"font-bold text-xl leading-6 mb-6 mt-8\">\n                    director\n                <\/p>\n<p class=\"font-sansEncode text-base font-light text-purple1 leading-6\">\n                    Teresa Couceiro N\u00fa\u00f1ez\n                <\/p>\n<\/p><\/div>\n<div>\n<p class=\"font-bold text-xl leading-9 mb-6 mt-8 md:mt-0\">\n                    patrons\n                <\/p>\n<p class=\"font-sansEncode text-base font-light text-purple1 leading-9\">\n                    Josep Llin\u00e1s Carmona\n                <\/p>\n<p class=\"font-sansEncode text-base font-light text-purple1 leading-9\">\n                    Jos\u00e9 Manuel L\u00f3pez-Pel\u00e1ez\n                <\/p>\n<p class=\"font-sansEncode text-base font-light text-purple1 leading-9\">\n                    Rafael Manzano Arenas\n                <\/p>\n<p class=\"font-sansEncode text-base font-light text-purple1 leading-9\">\n                    Juan de la Sota Rius\n                <\/p>\n<p class=\"font-sansEncode text-base font-light text-purple1 leading-9\">\n                    Sara de la Sota Rius\n                <\/p>\n<p class=\"font-sansEncode text-base font-light text-purple1 leading-9\">\n                    Mois\u00e9s Puente Rodriguez\n                <\/p>\n<p class=\"font-sansEncode text-base font-light text-purple1 leading-9\">\n                    Juan Ignacio Mera\n                <\/p>\n<p class=\"font-sansEncode text-base font-light text-purple1 leading-9\">\n                    Daniel de la Sota Rius\n                <\/p>\n<p class=\"font-sansEncode text-base font-light text-purple1 leading-9\">\n                    Ana da la Sota Rius\n                <\/p>\n<p class=\"font-sansEncode text-base font-light text-purple1 leading-9\">\n                    M\u00f3nica Alberola Peir\u00f3\n                <\/p>\n<p class=\"font-sansEncode text-base font-light text-purple1 leading-9\">\n                    Ana Pascual Rubio\n                <\/p>\n<p class=\"font-sansEncode text-base font-light text-purple1 leading-9\">\n                    Juan Carlos Dubois\n                <\/p>\n<\/p><\/div>\n<\/p><\/div>\n<\/p><\/div>\n<\/section>\n<p><\/p>","protected":false},"excerpt":{"rendered":"<p>patronage presidency Alejandro de la Sota Rius secretary Jose de la Sota Rius manager Jos\u00e9 de la Sota Rius director Teresa Couceiro N\u00fa\u00f1ez patrons Josep Llin\u00e1s Carmona Jos\u00e9 Manuel L\u00f3pez-Pel\u00e1ez Rafael Manzano Arenas Juan de la Sota Rius Sara de la Sota Rius Mois\u00e9s Puente Rodriguez Juan Ignacio Mera Daniel de la Sota Rius Ana [&hellip;]<\/p>\n","protected":false},"author":1,"featured_media":0,"parent":45,"menu_order":0,"comment_status":"open","ping_status":"open","template":"template-fundacion.php","meta":[],"_links":{"self":[{"href":"https:\/\/alejandrodelasota.org\/en\/wp-json\/wp\/v2\/pages\/49"}],"collection":[{"href":"https:\/\/alejandrodelasota.org\/en\/wp-json\/wp\/v2\/pages"}],"about":[{"href":"https:\/\/alejandrodelasota.org\/en\/wp-json\/wp\/v2\/types\/page"}],"author":[{"embeddable":true,"href":"https:\/\/alejandrodelasota.org\/en\/wp-json\/wp\/v2\/users\/1"}],"replies":[{"embeddable":true,"href":"https:\/\/alejandrodelasota.org\/en\/wp-json\/wp\/v2\/comments?post=49"}],"version-history":[{"count":29,"href":"https:\/\/alejandrodelasota.org\/en\/wp-json\/wp\/v2\/pages\/49\/revisions"}],"predecessor-version":[{"id":3962,"href":"https:\/\/alejandrodelasota.org\/en\/wp-json\/wp\/v2\/pages\/49\/revisions\/3962"}],"up":[{"embeddable":true,"href":"https:\/\/alejandrodelasota.org\/en\/wp-json\/wp\/v2\/pages\/45"}],"wp:attachment":[{"href":"https:\/\/alejandrodelasota.org\/en\/wp-json\/wp\/v2\/media?parent=49"}],"curies":[{"name":"wp","href":"https:\/\/api.w.org\/{rel}","templated":true}]}}